{"id":492,"date":"2017-11-05T22:53:40","date_gmt":"2017-11-05T22:53:40","guid":{"rendered":"https:\/\/clinicadentalmir.com\/es\/?page_id=492"},"modified":"2026-03-16T11:19:53","modified_gmt":"2026-03-16T10:19:53","slug":"clinica-dental-mir","status":"publish","type":"page","link":"https:\/\/clinicadentalmir.com\/es","title":{"rendered":"Cl\u00ednica Dental Mir"},"content":{"rendered":"<p>La cl\u00ednica Dental Mir, con m\u00e1s\u00a0de treinta a\u00f1os de experiencia, ofrece servicios integrales de odontolog\u00eda.<\/p>\n<p>Somos un equipo multidisciplinar de profesionales que ofrece una atm\u00f3sfera c\u00e1lida y familiar donde recibir\u00e1s el mejor trato profesional.<\/p>\n<p>Nuestro\u00a0objectivo es cuidar\u00a0tu\u00a0salud bucodental y sacar tu mejor sonrisa.<\/p>\n","protected":false},"excerpt":{"rendered":"<p>La cl\u00ednica Dental Mir, con m\u00e1s\u00a0de treinta a\u00f1os de experiencia, ofrece servicios integrales de odontolog\u00eda. Somos un equipo multidisciplinar de profesionales que ofrece una atm\u00f3sfera c\u00e1lida y familiar donde recibir\u00e1s el mejor trato profesional. Nuestro\u00a0objectivo es cuidar\u00a0tu\u00a0salud bucodental y sacar tu mejor sonrisa.<\/p>\n","protected":false},"author":3,"featured_media":474,"parent":0,"menu_order":0,"comment_status":"closed","ping_status":"closed","template":"","meta":{"footnotes":""},"class_list":["post-492","page","type-page","status-publish","has-post-thumbnail","hentry"],"yoast_head":"<!-- This site is optimized with the Yoast SEO plugin v27.4 - https:\/\/yoast.com\/product\/yoast-seo-wordpress\/ -->\n<title>Cl\u00ednica Dental Mir - Cl\u00ednica Dental Mir<\/title>\n<meta name=\"description\" content=\"Cl\u00ednica dental en Arenal, entre Palma y Llucmajor, con mas de 40 a\u00f1os de experiancia. Especializada en implantes, ortodoncia y est\u00e9tica.\" \/>\n<meta name=\"robots\" content=\"index, follow, max-snippet:-1, max-image-preview:large, max-video-preview:-1\" \/>\n<link rel=\"canonical\" href=\"https:\/\/clinicadentalmir.com\/es\" \/>\n<meta property=\"og:locale\" content=\"es_ES\" \/>\n<meta property=\"og:type\" content=\"article\" \/>\n<meta property=\"og:title\" content=\"Cl\u00ednica Dental Mir - Cl\u00ednica Dental Mir\" \/>\n<meta property=\"og:description\" content=\"Cl\u00ednica dental en Arenal, entre Palma y Llucmajor, con mas de 40 a\u00f1os de experiancia. Especializada en implantes, ortodoncia y est\u00e9tica.\" \/>\n<meta property=\"og:url\" content=\"https:\/\/clinicadentalmir.com\/es\" \/>\n<meta property=\"og:site_name\" content=\"Cl\u00ednica Dental Mir\" \/>\n<meta property=\"article:modified_time\" content=\"2026-03-16T10:19:53+00:00\" \/>\n<meta property=\"og:image\" content=\"https:\/\/clinicadentalmir.com\/wp-content\/uploads\/2015\/01\/shutterstock_364820015-1024x683.jpg\" \/>\n\t<meta property=\"og:image:width\" content=\"1024\" \/>\n\t<meta property=\"og:image:height\" content=\"683\" \/>\n\t<meta property=\"og:image:type\" content=\"image\/jpeg\" \/>\n<meta name=\"twitter:card\" content=\"summary_large_image\" \/>\n<meta name=\"twitter:label1\" content=\"Tiempo de lectura\" \/>\n\t<meta name=\"twitter:data1\" content=\"1 minuto\" \/>\n<script type=\"application\/ld+json\" class=\"yoast-schema-graph\">{\"@context\":\"https:\\\/\\\/schema.org\",\"@graph\":[{\"@type\":\"WebPage\",\"@id\":\"https:\\\/\\\/clinicadentalmir.com\\\/es\",\"url\":\"https:\\\/\\\/clinicadentalmir.com\\\/es\",\"name\":\"Cl\u00ednica Dental Mir - Cl\u00ednica Dental Mir\",\"isPartOf\":{\"@id\":\"https:\\\/\\\/clinicadentalmir.com\\\/es\\\/#website\"},\"primaryImageOfPage\":{\"@id\":\"https:\\\/\\\/clinicadentalmir.com\\\/es#primaryimage\"},\"image\":{\"@id\":\"https:\\\/\\\/clinicadentalmir.com\\\/es#primaryimage\"},\"thumbnailUrl\":\"https:\\\/\\\/clinicadentalmir.com\\\/wp-content\\\/uploads\\\/2015\\\/01\\\/shutterstock_364820015.jpg\",\"datePublished\":\"2017-11-05T22:53:40+00:00\",\"dateModified\":\"2026-03-16T10:19:53+00:00\",\"description\":\"Cl\u00ednica dental en Arenal, entre Palma y Llucmajor, con mas de 40 a\u00f1os de experiancia. Especializada en implantes, ortodoncia y est\u00e9tica.\",\"breadcrumb\":{\"@id\":\"https:\\\/\\\/clinicadentalmir.com\\\/es#breadcrumb\"},\"inLanguage\":\"es\",\"potentialAction\":[{\"@type\":\"ReadAction\",\"target\":[\"https:\\\/\\\/clinicadentalmir.com\\\/es\"]}]},{\"@type\":\"ImageObject\",\"inLanguage\":\"es\",\"@id\":\"https:\\\/\\\/clinicadentalmir.com\\\/es#primaryimage\",\"url\":\"https:\\\/\\\/clinicadentalmir.com\\\/wp-content\\\/uploads\\\/2015\\\/01\\\/shutterstock_364820015.jpg\",\"contentUrl\":\"https:\\\/\\\/clinicadentalmir.com\\\/wp-content\\\/uploads\\\/2015\\\/01\\\/shutterstock_364820015.jpg\",\"width\":5760,\"height\":3840},{\"@type\":\"BreadcrumbList\",\"@id\":\"https:\\\/\\\/clinicadentalmir.com\\\/es#breadcrumb\",\"itemListElement\":[{\"@type\":\"ListItem\",\"position\":1,\"name\":\"Inici\",\"item\":\"https:\\\/\\\/clinicadentalmir.com\\\/es\"},{\"@type\":\"ListItem\",\"position\":2,\"name\":\"Cl\u00ednica Dental Mir\"}]},{\"@type\":\"WebSite\",\"@id\":\"https:\\\/\\\/clinicadentalmir.com\\\/es\\\/#website\",\"url\":\"https:\\\/\\\/clinicadentalmir.com\\\/es\\\/\",\"name\":\"Cl\u00ednica Dental Mir\",\"description\":\"Centre Odont\u00f2logic Integral\",\"publisher\":{\"@id\":\"https:\\\/\\\/clinicadentalmir.com\\\/es\\\/#organization\"},\"alternateName\":\"Centre Odontol\u00f2gic integral a s'Arenal\",\"potentialAction\":[{\"@type\":\"SearchAction\",\"target\":{\"@type\":\"EntryPoint\",\"urlTemplate\":\"https:\\\/\\\/clinicadentalmir.com\\\/es\\\/?s={search_term_string}\"},\"query-input\":{\"@type\":\"PropertyValueSpecification\",\"valueRequired\":true,\"valueName\":\"search_term_string\"}}],\"inLanguage\":\"es\"},{\"@type\":\"Organization\",\"@id\":\"https:\\\/\\\/clinicadentalmir.com\\\/es\\\/#organization\",\"name\":\"Cl\u00ednica Dental Mir\",\"alternateName\":\"dentista general, cirug\u00eda, est\u00e8tica i ortod\u00f2ncia\",\"url\":\"https:\\\/\\\/clinicadentalmir.com\\\/es\\\/\",\"logo\":{\"@type\":\"ImageObject\",\"inLanguage\":\"es\",\"@id\":\"https:\\\/\\\/clinicadentalmir.com\\\/es\\\/#\\\/schema\\\/logo\\\/image\\\/\",\"url\":\"https:\\\/\\\/clinicadentalmir.com\\\/wp-content\\\/uploads\\\/2026\\\/03\\\/Logo-clinica-dental-mir-e1773266855310.jpg\",\"contentUrl\":\"https:\\\/\\\/clinicadentalmir.com\\\/wp-content\\\/uploads\\\/2026\\\/03\\\/Logo-clinica-dental-mir-e1773266855310.jpg\",\"width\":555,\"height\":513,\"caption\":\"Cl\u00ednica Dental Mir\"},\"image\":{\"@id\":\"https:\\\/\\\/clinicadentalmir.com\\\/es\\\/#\\\/schema\\\/logo\\\/image\\\/\"}}]}<\/script>\n<!-- \/ Yoast SEO plugin. -->","yoast_head_json":{"title":"Cl\u00ednica Dental Mir - Cl\u00ednica Dental Mir","description":"Cl\u00ednica dental en Arenal, entre Palma y Llucmajor, con mas de 40 a\u00f1os de experiancia. Especializada en implantes, ortodoncia y est\u00e9tica.","robots":{"index":"index","follow":"follow","max-snippet":"max-snippet:-1","max-image-preview":"max-image-preview:large","max-video-preview":"max-video-preview:-1"},"canonical":"https:\/\/clinicadentalmir.com\/es","og_locale":"es_ES","og_type":"article","og_title":"Cl\u00ednica Dental Mir - Cl\u00ednica Dental Mir","og_description":"Cl\u00ednica dental en Arenal, entre Palma y Llucmajor, con mas de 40 a\u00f1os de experiancia. Especializada en implantes, ortodoncia y est\u00e9tica.","og_url":"https:\/\/clinicadentalmir.com\/es","og_site_name":"Cl\u00ednica Dental Mir","article_modified_time":"2026-03-16T10:19:53+00:00","og_image":[{"width":1024,"height":683,"url":"https:\/\/clinicadentalmir.com\/wp-content\/uploads\/2015\/01\/shutterstock_364820015-1024x683.jpg","type":"image\/jpeg"}],"twitter_card":"summary_large_image","twitter_misc":{"Tiempo de lectura":"1 minuto"},"schema":{"@context":"https:\/\/schema.org","@graph":[{"@type":"WebPage","@id":"https:\/\/clinicadentalmir.com\/es","url":"https:\/\/clinicadentalmir.com\/es","name":"Cl\u00ednica Dental Mir - Cl\u00ednica Dental Mir","isPartOf":{"@id":"https:\/\/clinicadentalmir.com\/es\/#website"},"primaryImageOfPage":{"@id":"https:\/\/clinicadentalmir.com\/es#primaryimage"},"image":{"@id":"https:\/\/clinicadentalmir.com\/es#primaryimage"},"thumbnailUrl":"https:\/\/clinicadentalmir.com\/wp-content\/uploads\/2015\/01\/shutterstock_364820015.jpg","datePublished":"2017-11-05T22:53:40+00:00","dateModified":"2026-03-16T10:19:53+00:00","description":"Cl\u00ednica dental en Arenal, entre Palma y Llucmajor, con mas de 40 a\u00f1os de experiancia. Especializada en implantes, ortodoncia y est\u00e9tica.","breadcrumb":{"@id":"https:\/\/clinicadentalmir.com\/es#breadcrumb"},"inLanguage":"es","potentialAction":[{"@type":"ReadAction","target":["https:\/\/clinicadentalmir.com\/es"]}]},{"@type":"ImageObject","inLanguage":"es","@id":"https:\/\/clinicadentalmir.com\/es#primaryimage","url":"https:\/\/clinicadentalmir.com\/wp-content\/uploads\/2015\/01\/shutterstock_364820015.jpg","contentUrl":"https:\/\/clinicadentalmir.com\/wp-content\/uploads\/2015\/01\/shutterstock_364820015.jpg","width":5760,"height":3840},{"@type":"BreadcrumbList","@id":"https:\/\/clinicadentalmir.com\/es#breadcrumb","itemListElement":[{"@type":"ListItem","position":1,"name":"Inici","item":"https:\/\/clinicadentalmir.com\/es"},{"@type":"ListItem","position":2,"name":"Cl\u00ednica Dental Mir"}]},{"@type":"WebSite","@id":"https:\/\/clinicadentalmir.com\/es\/#website","url":"https:\/\/clinicadentalmir.com\/es\/","name":"Cl\u00ednica Dental Mir","description":"Centre Odont\u00f2logic Integral","publisher":{"@id":"https:\/\/clinicadentalmir.com\/es\/#organization"},"alternateName":"Centre Odontol\u00f2gic integral a s'Arenal","potentialAction":[{"@type":"SearchAction","target":{"@type":"EntryPoint","urlTemplate":"https:\/\/clinicadentalmir.com\/es\/?s={search_term_string}"},"query-input":{"@type":"PropertyValueSpecification","valueRequired":true,"valueName":"search_term_string"}}],"inLanguage":"es"},{"@type":"Organization","@id":"https:\/\/clinicadentalmir.com\/es\/#organization","name":"Cl\u00ednica Dental Mir","alternateName":"dentista general, cirug\u00eda, est\u00e8tica i ortod\u00f2ncia","url":"https:\/\/clinicadentalmir.com\/es\/","logo":{"@type":"ImageObject","inLanguage":"es","@id":"https:\/\/clinicadentalmir.com\/es\/#\/schema\/logo\/image\/","url":"https:\/\/clinicadentalmir.com\/wp-content\/uploads\/2026\/03\/Logo-clinica-dental-mir-e1773266855310.jpg","contentUrl":"https:\/\/clinicadentalmir.com\/wp-content\/uploads\/2026\/03\/Logo-clinica-dental-mir-e1773266855310.jpg","width":555,"height":513,"caption":"Cl\u00ednica Dental Mir"},"image":{"@id":"https:\/\/clinicadentalmir.com\/es\/#\/schema\/logo\/image\/"}}]}},"_links":{"self":[{"href":"https:\/\/clinicadentalmir.com\/es\/wp-json\/wp\/v2\/pages\/492","targetHints":{"allow":["GET"]}}],"collection":[{"href":"https:\/\/clinicadentalmir.com\/es\/wp-json\/wp\/v2\/pages"}],"about":[{"href":"https:\/\/clinicadentalmir.com\/es\/wp-json\/wp\/v2\/types\/page"}],"author":[{"embeddable":true,"href":"https:\/\/clinicadentalmir.com\/es\/wp-json\/wp\/v2\/users\/3"}],"replies":[{"embeddable":true,"href":"https:\/\/clinicadentalmir.com\/es\/wp-json\/wp\/v2\/comments?post=492"}],"version-history":[{"count":1,"href":"https:\/\/clinicadentalmir.com\/es\/wp-json\/wp\/v2\/pages\/492\/revisions"}],"predecessor-version":[{"id":493,"href":"https:\/\/clinicadentalmir.com\/es\/wp-json\/wp\/v2\/pages\/492\/revisions\/493"}],"wp:featuredmedia":[{"embeddable":true,"href":"https:\/\/clinicadentalmir.com\/es\/wp-json\/wp\/v2\/media\/474"}],"wp:attachment":[{"href":"https:\/\/clinicadentalmir.com\/es\/wp-json\/wp\/v2\/media?parent=492"}],"curies":[{"name":"wp","href":"https:\/\/api.w.org\/{rel}","templated":true}]}}