{"id":656,"date":"2018-12-25T13:28:38","date_gmt":"2018-12-25T13:28:38","guid":{"rendered":"https:\/\/clinicadentalmir.com\/?page_id=656"},"modified":"2022-12-29T10:45:24","modified_gmt":"2022-12-29T10:45:24","slug":"feliz-navidad-y-felices-fiestas","status":"publish","type":"page","link":"https:\/\/clinicadentalmir.com\/es\/feliz-navidad-y-felices-fiestas","title":{"rendered":"Feliz Navidad y felices fiestas"},"content":{"rendered":"\n<p>Cl\u00ednica Dental Mir os desea unas felices fiestas y un <strong>2023<\/strong> lleno de salud y felicidad!<\/p>\n\n\n\n<p>Os recordamos que la cl\u00ednica permanercer\u00e1 cerrada hasta dia <strong>9 de enero<\/strong> por descanso del personal.<\/p>\n","protected":false},"excerpt":{"rendered":"<p>Cl\u00ednica Dental Mir os desea unas felices fiestas y un 2023 lleno de salud y felicidad! Os recordamos que la cl\u00ednica permanercer\u00e1 cerrada hasta dia 9 de enero por descanso del personal.<\/p>\n","protected":false},"author":3,"featured_media":794,"parent":0,"menu_order":0,"comment_status":"closed","ping_status":"closed","template":"","meta":{"footnotes":""},"class_list":["post-656","page","type-page","status-publish","has-post-thumbnail","hentry"],"yoast_head":"<!-- This site is optimized with the Yoast SEO plugin v27.5 - https:\/\/yoast.com\/product\/yoast-seo-wordpress\/ -->\n<title>Feliz Navidad y felices fiestas - Cl\u00ednica Dental Mir<\/title>\n<meta name=\"description\" content=\"Felicitaci\u00f3n navide\u00f1a de y pr\u00f3spero a\u00f1o nuevo para todos los pacientes y empleados de la Cl\u00ednica Dental Mir\" \/>\n<meta name=\"robots\" content=\"index, follow, max-snippet:-1, max-image-preview:large, max-video-preview:-1\" \/>\n<link rel=\"canonical\" href=\"https:\/\/clinicadentalmir.com\/es\/feliz-navidad-y-felices-fiestas\" \/>\n<meta property=\"og:locale\" content=\"es_ES\" \/>\n<meta property=\"og:type\" content=\"article\" \/>\n<meta property=\"og:title\" content=\"Feliz Navidad y felices fiestas - Cl\u00ednica Dental Mir\" \/>\n<meta property=\"og:description\" content=\"Felicitaci\u00f3n navide\u00f1a de y pr\u00f3spero a\u00f1o nuevo para todos los pacientes y empleados de la Cl\u00ednica Dental Mir\" \/>\n<meta property=\"og:url\" content=\"https:\/\/clinicadentalmir.com\/es\/feliz-navidad-y-felices-fiestas\" \/>\n<meta property=\"og:site_name\" content=\"Cl\u00ednica Dental Mir\" \/>\n<meta property=\"article:modified_time\" content=\"2022-12-29T10:45:24+00:00\" \/>\n<meta property=\"og:image\" content=\"https:\/\/clinicadentalmir.com\/wp-content\/uploads\/2022\/12\/Clinica_dental_mir_nadal_2022_ES.png\" \/>\n\t<meta property=\"og:image:width\" content=\"1143\" \/>\n\t<meta property=\"og:image:height\" content=\"762\" \/>\n\t<meta property=\"og:image:type\" content=\"image\/png\" \/>\n<meta name=\"twitter:card\" content=\"summary_large_image\" \/>\n<meta name=\"twitter:label1\" content=\"Tiempo de lectura\" \/>\n\t<meta name=\"twitter:data1\" content=\"1 minuto\" \/>\n<script type=\"application\/ld+json\" class=\"yoast-schema-graph\">{\"@context\":\"https:\\\/\\\/schema.org\",\"@graph\":[{\"@type\":\"WebPage\",\"@id\":\"https:\\\/\\\/clinicadentalmir.com\\\/es\\\/feliz-navidad-y-felices-fiestas\",\"url\":\"https:\\\/\\\/clinicadentalmir.com\\\/es\\\/feliz-navidad-y-felices-fiestas\",\"name\":\"Feliz Navidad y felices fiestas - Cl\u00ednica Dental Mir\",\"isPartOf\":{\"@id\":\"https:\\\/\\\/clinicadentalmir.com\\\/es\\\/#website\"},\"primaryImageOfPage\":{\"@id\":\"https:\\\/\\\/clinicadentalmir.com\\\/es\\\/feliz-navidad-y-felices-fiestas#primaryimage\"},\"image\":{\"@id\":\"https:\\\/\\\/clinicadentalmir.com\\\/es\\\/feliz-navidad-y-felices-fiestas#primaryimage\"},\"thumbnailUrl\":\"https:\\\/\\\/clinicadentalmir.com\\\/wp-content\\\/uploads\\\/2022\\\/12\\\/Clinica_dental_mir_nadal_2022_ES.png\",\"datePublished\":\"2018-12-25T13:28:38+00:00\",\"dateModified\":\"2022-12-29T10:45:24+00:00\",\"description\":\"Felicitaci\u00f3n navide\u00f1a de y pr\u00f3spero a\u00f1o nuevo para todos los pacientes y empleados de la Cl\u00ednica Dental Mir\",\"breadcrumb\":{\"@id\":\"https:\\\/\\\/clinicadentalmir.com\\\/es\\\/feliz-navidad-y-felices-fiestas#breadcrumb\"},\"inLanguage\":\"es\",\"potentialAction\":[{\"@type\":\"ReadAction\",\"target\":[\"https:\\\/\\\/clinicadentalmir.com\\\/es\\\/feliz-navidad-y-felices-fiestas\"]}]},{\"@type\":\"ImageObject\",\"inLanguage\":\"es\",\"@id\":\"https:\\\/\\\/clinicadentalmir.com\\\/es\\\/feliz-navidad-y-felices-fiestas#primaryimage\",\"url\":\"https:\\\/\\\/clinicadentalmir.com\\\/wp-content\\\/uploads\\\/2022\\\/12\\\/Clinica_dental_mir_nadal_2022_ES.png\",\"contentUrl\":\"https:\\\/\\\/clinicadentalmir.com\\\/wp-content\\\/uploads\\\/2022\\\/12\\\/Clinica_dental_mir_nadal_2022_ES.png\",\"width\":1143,\"height\":762,\"caption\":\"Clinca Dental Mir os desea felices y fiestas y pr\u00f3spero 2023\"},{\"@type\":\"BreadcrumbList\",\"@id\":\"https:\\\/\\\/clinicadentalmir.com\\\/es\\\/feliz-navidad-y-felices-fiestas#breadcrumb\",\"itemListElement\":[{\"@type\":\"ListItem\",\"position\":1,\"name\":\"Inici\",\"item\":\"https:\\\/\\\/clinicadentalmir.com\\\/es\"},{\"@type\":\"ListItem\",\"position\":2,\"name\":\"Feliz Navidad y felices fiestas\"}]},{\"@type\":\"WebSite\",\"@id\":\"https:\\\/\\\/clinicadentalmir.com\\\/es\\\/#website\",\"url\":\"https:\\\/\\\/clinicadentalmir.com\\\/es\\\/\",\"name\":\"Cl\u00ednica Dental Mir\",\"description\":\"Centre Odont\u00f2logic Integral\",\"publisher\":{\"@id\":\"https:\\\/\\\/clinicadentalmir.com\\\/es\\\/#organization\"},\"alternateName\":\"Centre Odontol\u00f2gic integral a s'Arenal\",\"potentialAction\":[{\"@type\":\"SearchAction\",\"target\":{\"@type\":\"EntryPoint\",\"urlTemplate\":\"https:\\\/\\\/clinicadentalmir.com\\\/es\\\/?s={search_term_string}\"},\"query-input\":{\"@type\":\"PropertyValueSpecification\",\"valueRequired\":true,\"valueName\":\"search_term_string\"}}],\"inLanguage\":\"es\"},{\"@type\":\"Organization\",\"@id\":\"https:\\\/\\\/clinicadentalmir.com\\\/es\\\/#organization\",\"name\":\"Cl\u00ednica Dental Mir\",\"alternateName\":\"dentista general, cirug\u00eda, est\u00e8tica i ortod\u00f2ncia\",\"url\":\"https:\\\/\\\/clinicadentalmir.com\\\/es\\\/\",\"logo\":{\"@type\":\"ImageObject\",\"inLanguage\":\"es\",\"@id\":\"https:\\\/\\\/clinicadentalmir.com\\\/es\\\/#\\\/schema\\\/logo\\\/image\\\/\",\"url\":\"https:\\\/\\\/clinicadentalmir.com\\\/wp-content\\\/uploads\\\/2026\\\/03\\\/Logo-clinica-dental-mir-e1773266855310.jpg\",\"contentUrl\":\"https:\\\/\\\/clinicadentalmir.com\\\/wp-content\\\/uploads\\\/2026\\\/03\\\/Logo-clinica-dental-mir-e1773266855310.jpg\",\"width\":555,\"height\":513,\"caption\":\"Cl\u00ednica Dental Mir\"},\"image\":{\"@id\":\"https:\\\/\\\/clinicadentalmir.com\\\/es\\\/#\\\/schema\\\/logo\\\/image\\\/\"}}]}<\/script>\n<!-- \/ Yoast SEO plugin. -->","yoast_head_json":{"title":"Feliz Navidad y felices fiestas - Cl\u00ednica Dental Mir","description":"Felicitaci\u00f3n navide\u00f1a de y pr\u00f3spero a\u00f1o nuevo para todos los pacientes y empleados de la Cl\u00ednica Dental Mir","robots":{"index":"index","follow":"follow","max-snippet":"max-snippet:-1","max-image-preview":"max-image-preview:large","max-video-preview":"max-video-preview:-1"},"canonical":"https:\/\/clinicadentalmir.com\/es\/feliz-navidad-y-felices-fiestas","og_locale":"es_ES","og_type":"article","og_title":"Feliz Navidad y felices fiestas - Cl\u00ednica Dental Mir","og_description":"Felicitaci\u00f3n navide\u00f1a de y pr\u00f3spero a\u00f1o nuevo para todos los pacientes y empleados de la Cl\u00ednica Dental Mir","og_url":"https:\/\/clinicadentalmir.com\/es\/feliz-navidad-y-felices-fiestas","og_site_name":"Cl\u00ednica Dental Mir","article_modified_time":"2022-12-29T10:45:24+00:00","og_image":[{"width":1143,"height":762,"url":"https:\/\/clinicadentalmir.com\/wp-content\/uploads\/2022\/12\/Clinica_dental_mir_nadal_2022_ES.png","type":"image\/png"}],"twitter_card":"summary_large_image","twitter_misc":{"Tiempo de lectura":"1 minuto"},"schema":{"@context":"https:\/\/schema.org","@graph":[{"@type":"WebPage","@id":"https:\/\/clinicadentalmir.com\/es\/feliz-navidad-y-felices-fiestas","url":"https:\/\/clinicadentalmir.com\/es\/feliz-navidad-y-felices-fiestas","name":"Feliz Navidad y felices fiestas - Cl\u00ednica Dental Mir","isPartOf":{"@id":"https:\/\/clinicadentalmir.com\/es\/#website"},"primaryImageOfPage":{"@id":"https:\/\/clinicadentalmir.com\/es\/feliz-navidad-y-felices-fiestas#primaryimage"},"image":{"@id":"https:\/\/clinicadentalmir.com\/es\/feliz-navidad-y-felices-fiestas#primaryimage"},"thumbnailUrl":"https:\/\/clinicadentalmir.com\/wp-content\/uploads\/2022\/12\/Clinica_dental_mir_nadal_2022_ES.png","datePublished":"2018-12-25T13:28:38+00:00","dateModified":"2022-12-29T10:45:24+00:00","description":"Felicitaci\u00f3n navide\u00f1a de y pr\u00f3spero a\u00f1o nuevo para todos los pacientes y empleados de la Cl\u00ednica Dental Mir","breadcrumb":{"@id":"https:\/\/clinicadentalmir.com\/es\/feliz-navidad-y-felices-fiestas#breadcrumb"},"inLanguage":"es","potentialAction":[{"@type":"ReadAction","target":["https:\/\/clinicadentalmir.com\/es\/feliz-navidad-y-felices-fiestas"]}]},{"@type":"ImageObject","inLanguage":"es","@id":"https:\/\/clinicadentalmir.com\/es\/feliz-navidad-y-felices-fiestas#primaryimage","url":"https:\/\/clinicadentalmir.com\/wp-content\/uploads\/2022\/12\/Clinica_dental_mir_nadal_2022_ES.png","contentUrl":"https:\/\/clinicadentalmir.com\/wp-content\/uploads\/2022\/12\/Clinica_dental_mir_nadal_2022_ES.png","width":1143,"height":762,"caption":"Clinca Dental Mir os desea felices y fiestas y pr\u00f3spero 2023"},{"@type":"BreadcrumbList","@id":"https:\/\/clinicadentalmir.com\/es\/feliz-navidad-y-felices-fiestas#breadcrumb","itemListElement":[{"@type":"ListItem","position":1,"name":"Inici","item":"https:\/\/clinicadentalmir.com\/es"},{"@type":"ListItem","position":2,"name":"Feliz Navidad y felices fiestas"}]},{"@type":"WebSite","@id":"https:\/\/clinicadentalmir.com\/es\/#website","url":"https:\/\/clinicadentalmir.com\/es\/","name":"Cl\u00ednica Dental Mir","description":"Centre Odont\u00f2logic Integral","publisher":{"@id":"https:\/\/clinicadentalmir.com\/es\/#organization"},"alternateName":"Centre Odontol\u00f2gic integral a s'Arenal","potentialAction":[{"@type":"SearchAction","target":{"@type":"EntryPoint","urlTemplate":"https:\/\/clinicadentalmir.com\/es\/?s={search_term_string}"},"query-input":{"@type":"PropertyValueSpecification","valueRequired":true,"valueName":"search_term_string"}}],"inLanguage":"es"},{"@type":"Organization","@id":"https:\/\/clinicadentalmir.com\/es\/#organization","name":"Cl\u00ednica Dental Mir","alternateName":"dentista general, cirug\u00eda, est\u00e8tica i ortod\u00f2ncia","url":"https:\/\/clinicadentalmir.com\/es\/","logo":{"@type":"ImageObject","inLanguage":"es","@id":"https:\/\/clinicadentalmir.com\/es\/#\/schema\/logo\/image\/","url":"https:\/\/clinicadentalmir.com\/wp-content\/uploads\/2026\/03\/Logo-clinica-dental-mir-e1773266855310.jpg","contentUrl":"https:\/\/clinicadentalmir.com\/wp-content\/uploads\/2026\/03\/Logo-clinica-dental-mir-e1773266855310.jpg","width":555,"height":513,"caption":"Cl\u00ednica Dental Mir"},"image":{"@id":"https:\/\/clinicadentalmir.com\/es\/#\/schema\/logo\/image\/"}}]}},"_links":{"self":[{"href":"https:\/\/clinicadentalmir.com\/es\/wp-json\/wp\/v2\/pages\/656","targetHints":{"allow":["GET"]}}],"collection":[{"href":"https:\/\/clinicadentalmir.com\/es\/wp-json\/wp\/v2\/pages"}],"about":[{"href":"https:\/\/clinicadentalmir.com\/es\/wp-json\/wp\/v2\/types\/page"}],"author":[{"embeddable":true,"href":"https:\/\/clinicadentalmir.com\/es\/wp-json\/wp\/v2\/users\/3"}],"replies":[{"embeddable":true,"href":"https:\/\/clinicadentalmir.com\/es\/wp-json\/wp\/v2\/comments?post=656"}],"version-history":[{"count":4,"href":"https:\/\/clinicadentalmir.com\/es\/wp-json\/wp\/v2\/pages\/656\/revisions"}],"predecessor-version":[{"id":787,"href":"https:\/\/clinicadentalmir.com\/es\/wp-json\/wp\/v2\/pages\/656\/revisions\/787"}],"wp:featuredmedia":[{"embeddable":true,"href":"https:\/\/clinicadentalmir.com\/es\/wp-json\/wp\/v2\/media\/794"}],"wp:attachment":[{"href":"https:\/\/clinicadentalmir.com\/es\/wp-json\/wp\/v2\/media?parent=656"}],"curies":[{"name":"wp","href":"https:\/\/api.w.org\/{rel}","templated":true}]}}