{"id":808,"date":"2026-03-09T19:15:32","date_gmt":"2026-03-09T19:15:32","guid":{"rendered":"https:\/\/clinicadentalmir.com\/?page_id=808"},"modified":"2026-03-10T00:11:30","modified_gmt":"2026-03-09T23:11:30","slug":"politica-de-cookies","status":"publish","type":"page","link":"https:\/\/clinicadentalmir.com\/es\/politica-de-cookies","title":{"rendered":"Pol\u00edtica de cookies"},"content":{"rendered":"\n<h4 class=\"wp-block-heading\">\u00bfQui es el Responsable del tractament de les seves dades?<\/h4>\n\n\n\n<p>Cl\u00ednica Dental Mir,  (Francesc Mir Tom\u00e0s), d&#8217;aqui endavant \u00abDentalMir\u00bb utilitza cookies de tercers amb la finalitat de mesurar i fer seguiment de l\u2019activitat del Lloc Web.<\/p>\n\n\n\n<p>Mostrem informaci\u00f3 sobre la nostra Pol\u00edtica de Cookies en la part inferior de qualsevol p\u00e0gina del lloc Web amb cada inici de sessi\u00f3 amb l\u2019objectiu que vost\u00e8 sigui conscient.<\/p>\n\n\n\n<p>Davant d\u2019aquesta informaci\u00f3 es possible dur a terme les seg\u00fcents accions:<\/p>\n\n\n\n<ul class=\"wp-block-list\">\n<li><strong>Acceptar les cookies<\/strong>: No es tornar\u00e0 a visualitzar aquest av\u00eds al accedir a qualsevol p\u00e0gina del portal durant la present sessi\u00f3.<\/li>\n\n\n\n<li><strong>Configuraci\u00f3 avan\u00e7ada<\/strong>: Podr\u00e0 obtenir m\u00e9s informaci\u00f3 sobre com son las cookies, con\u00e8ixer la nostra Pol\u00edtica de Cookies y modificar la configuraci\u00f3 del seu navegador per a restringir o bloquejar les cookies en qualsevol moment. En el cas de restringir o bloquejar les cookies, es poden veure redu\u00efdes les funcionalitats de la Web.<\/li>\n\n\n\n<li><strong>Seguir navegant<\/strong>, o moure\u2019s per la barra de despla\u00e7ament: En aquest cas considerem que accepta l\u2019\u00fas.<\/li>\n<\/ul>\n\n\n\n<p>En el cas de no estar d\u2019acord amb aquesta Pol\u00edtica de Cookies, l\u2019Usuari ha d\u2019abstenir-se d\u2019utilitzar aquest lloc Web i abandonar el mateix de forma immediata.<\/p>\n\n\n\n<h4 class=\"wp-block-heading\"><strong>\u00bfQu\u00e8 es una <em>cookie<\/em>?&nbsp;<\/strong><\/h4>\n\n\n\n<p>Una cookie es un fitxer que es descarrega al terminal (por exemple, un ordenador, un tel\u00e8fon m\u00f2bil, una <em>tablet<\/em>, etc.) de l\u2019Usuari quan aquest accedeix a determinades p\u00e0gines web como, por exemple, aquesta. Les cookies permeten aquestes p\u00e0gines web, entre altres coses, monitoritzar, emmagatzemar y recuperar informaci\u00f3 sobre els h\u00e0bits de navegaci\u00f3 de l\u2019Usuari (por exemple, prefer\u00e8ncies, perfil, claus d\u2019acc\u00e9s) aix\u00ed com obtenir informaci\u00f3 t\u00e8cnica relacionada amb la navegabilitat de les p\u00e0gines web. Les cookies tamb\u00e9 contribueixen a la funcionalitat, usabilitat y accessibilitat de las p\u00e0gines web.<\/p>\n\n\n\n<p>Depenent de la funci\u00f3 y finalitat de las cookies, existeixen diferents tipus:<\/p>\n\n\n\n<ul class=\"wp-block-list\">\n<li><strong>Anal\u00edtiques<\/strong>.- Aquestes cookies recullen informaci\u00f3 amb la finalitat de permetre als llocs web realitzar una avaluaci\u00f3 de l\u2019\u00fas que fan els usuaris dels mateixos i la seva activitat general aix\u00ed com recopilar dades estad\u00edstiques. Les cookies anal\u00edtiques mesuren i recullen dades del lloc web (visites, par\u00e0metres de tr\u00e0nsit, clics, p\u00e0gines vistes\u2026) per a entendre y optimitzar la p\u00e0gina web.<\/li>\n\n\n\n<li><strong>Cookies de publicitat y comportamentals<\/strong>.- Recullen informaci\u00f3 sobre els h\u00e0bits de navegaci\u00f3 de l\u2019Usuari i el seu comportament amb la finalitat d\u2019identificar les prefer\u00e8ncies, gustos y h\u00e0bits dintre d\u2019un lloc web concret. Aquestes cookies permeten adequar el contingut de la publicitat en base a l\u2019an\u00e0lisi realitzat dels h\u00e0bits de navegaci\u00f3 de l\u2019usuari y deduint las caracter\u00edstiques del mateix com localitzaci\u00f3, grup d\u2019edat, g\u00e8nere.<\/li>\n<\/ul>\n\n\n\n<ul class=\"wp-block-list\">\n<li><strong>T\u00e8cniques<\/strong>.- Son las estrictament necess\u00e0ries para la funcionalitat y la navegabilitat de una p\u00e0gina web, permeten la navegaci\u00f3 de l\u2019Usuari a trav\u00e9s d\u2019aquest p\u00e0gina o aplicaci\u00f3 i la utilitzaci\u00f3 de les diferents opcions o serveis.<\/li>\n\n\n\n<li><strong>Cookies de personalitzaci\u00f3<\/strong>.- Son aquelles que permeten als llocs web conservar determinades prefer\u00e8ncies (por exemple, idioma, pa\u00eds, configuraci\u00f3 regional\u2026) redefinides por l\u2019usuari amb la seva primera visita (i posteriors) al lloc web.<\/li>\n\n\n\n<li><strong>Cookies de tercers:<\/strong> Les cookies de tercers son titularitat de tercers utilitzades per llocs web amb l\u2019objectiu de gestionar i millorar el contingut i els serveis oferts.<\/li>\n<\/ul>\n\n\n\n<p>Per a obtenir m\u00e9s informaci\u00f3 sobre les cookies, l\u2019Usuari pot visitar la p\u00e0gina web All About Cookies.org, accessible a trav\u00e9s del seg\u00fcent enlla\u00e7 <a href=\"http:\/\/www.allaboutcookies.org\/es\">http:\/\/www.allaboutcookies.org\/es<\/a>.<\/p>\n\n\n\n<h4 class=\"wp-block-heading\">\u00bfQu\u00e9 tipos de cookies utiliza este sitio web?<\/h4>\n\n\n\n<figure class=\"wp-block-table\"><table><tbody><tr><td>Cookie<\/td><td>Tipus<\/td><td>Finalitat<\/td><td>Durada<\/td><td>Companyia<\/td><\/tr><tr><td>_ga<\/td><td>Estad\u00edstiques<\/td><td>Ofereix estad\u00edstiques d\u2019\u00fas<\/td><td>2 anys<\/td><td>Google Analytics<br>Emmagatzema les cookies a servidors dels Estats Units i es compromet a no compartir-la amb tercers, excepte en els casos en els que sigui necessari per al funcionament del sistema o quan la llei li obligui. Mas informaci\u00f3 en <a href=\"https:\/\/www.privacyshield.gov\/welcome\" target=\"_blank\" rel=\"noreferrer noopener\">https:\/\/www.privacyshield.gov\/welcome<\/a><\/td><\/tr><tr><td>_gid<\/td><td>Estad\u00edstiques<\/td><td>S\u2019utilitzen per a distingir als usuaris<\/td><td>24 horas<\/td><td>Google Analytics Emmagatzema les cookies a servidors dels Estats Units i es compromet a no compartir-la amb tercers, excepte en els casos en els que sigui necessari per al funcionament del sistema o quan la llei li obligui. Mas informaci\u00f3 en <a href=\"https:\/\/www.privacyshield.gov\/welcome\" target=\"_blank\" rel=\"noreferrer noopener\">https:\/\/www.privacyshield.gov\/welcome<\/a><\/td><\/tr><\/tbody><\/table><\/figure>\n\n\n\n<h4 class=\"wp-block-heading\"><strong>\u00bfC\u00f3m puc desactivar o eliminar las cookies que utilitza aquest lloc web?<\/strong><\/h4>\n\n\n\n<p>L\u2019 Usuari pot gestionar l\u2019activitat de les cookies, bloquejar-les o eliminar-les mitjan\u00e7ant la selecci\u00f3 de la configuraci\u00f3 apropiada del navegador utilitzat per a navegar al Lloc Web. En cas contrari, la navegaci\u00f3 pel Lloc Web per part de l\u2019 Usuari implica la seva acceptaci\u00f3 de l\u2019\u00fas de les mateixes d\u2019acord el aqu\u00ed exposat.<\/p>\n\n\n\n<p><strong>NAVEGADORS PC:<\/strong><\/p>\n\n\n\n<p><strong>Mozilla Firefox: <\/strong>En el cas d\u2019utilitzar el navegador Mozilla Firefox, l\u2019Usuari pot obtenir informaci\u00f3 sobre com bloquejar l\u2019\u00fas de cookies y eliminar-les fent clic aqu\u00ed.<\/p>\n\n\n\n<p><strong>Internet Explorer:<\/strong> En el cas d\u2019utilitzar el navegador Internet Explorer, l\u2019Usuari pot obtenir informaci\u00f3 sobre com bloquejar l\u2019\u00fas de cookies y eliminar-les fent clic aqu\u00ed.<\/p>\n\n\n\n<p><strong>Google Chrome:<\/strong> En el cas d\u2019utilitzar el navegador Google Chrome, l\u2019Usuari pot obtenir informaci\u00f3 sobre com bloquejar l\u2019\u00fas de cookies y eliminar-les fent clic aqu\u00ed.<\/p>\n\n\n\n<p><strong>Apple Safari: <\/strong>En el cas d\u2019utilitzar el navegador Apple Safari, l\u2019Usuari pot obtenir informaci\u00f3 sobre com bloquejar l\u2019\u00fas de cookies y eliminar-les fent clic aqu\u00ed y en la versi\u00f3 Safari 8 (Yosemite) aqu\u00ed.<\/p>\n\n\n\n<p><strong>Opera: <\/strong>En el cas d\u2019utilitzar el navegador Opera, l\u2019Usuari pot obtenir informaci\u00f3 sobre com bloquejar l\u2019\u00fas de cookies y eliminar-les fent clic aqu\u00ed.<\/p>\n\n\n\n<p><strong>NAVEGADORS DISPOSITIUS M\u00d2BIL<\/strong>:<\/p>\n\n\n\n<p><strong>IOS:<\/strong> L\u2019 Usuari pot obtenir informaci\u00f3 sobre com bloquejar l\u2019\u00fas de cookies i eliminar-les en Opera fent clic aqu\u00ed, en Safari aqu\u00ed&nbsp; i en Google Chrome aqu\u00ed.<\/p>\n\n\n\n<p><strong>Android:<\/strong> <strong>:<\/strong> L\u2019 Usuari pot obtenir informaci\u00f3 sobre com bloquejar l\u2019 \u00fas de cookies i eliminar-les en Mozilla Firefox fent clic aqu\u00ed i en Google Chrome&nbsp; aqu\u00ed.<\/p>\n\n\n\n<p><strong>Windows Iphone 7:<\/strong> L\u2019 Usuari pot obtenir informaci\u00f3 sobre com bloquejar l\u2019us de cookies i eliminar-les en Opera fent clic aqu\u00ed.<\/p>\n\n\n\n<p><strong>Windows Iphone 8:<\/strong> L\u2019 Usuari pot obtenir informaci\u00f3 sobre com bloquejar l\u2019us de cookies i eliminar-les en Opera fent clic aqu\u00ed.<\/p>\n\n\n\n<p><strong>Windows Iphone 10:<\/strong> L\u2019 Usuari pot obtenir informaci\u00f3 sobre com bloquejar l\u2019us de cookies i eliminar-les en Opera fent clic aqu\u00ed.<\/p>\n\n\n\n<p>El bloqueig, la deshabilitaci\u00f3 o eliminaci\u00f3 de les cookies utilitzades per DentalMir a la Web pot afectar a la plena funcionalitat, fent que algunes funcionalitats de la Web no siguin disponibles<\/p>\n","protected":false},"excerpt":{"rendered":"<p>\u00bfQui es el Responsable del tractament de les seves dades? Cl\u00ednica Dental Mir, (Francesc Mir Tom\u00e0s), d&#8217;aqui endavant \u00abDentalMir\u00bb utilitza cookies de tercers amb la finalitat de mesurar i fer seguiment de l\u2019activitat del Lloc Web. Mostrem informaci\u00f3 sobre la nostra Pol\u00edtica de Cookies en la part inferior de qualsevol p\u00e0gina del lloc Web amb &hellip; <\/p>\n<p class=\"link-more\"><a href=\"https:\/\/clinicadentalmir.com\/es\/politica-de-cookies\" class=\"more-link\">Continuar leyendo<span class=\"screen-reader-text\"> \u00abPol\u00edtica de cookies\u00bb<\/span><\/a><\/p>\n","protected":false},"author":3,"featured_media":0,"parent":0,"menu_order":0,"comment_status":"closed","ping_status":"closed","template":"","meta":{"footnotes":""},"class_list":["post-808","page","type-page","status-publish","hentry"],"yoast_head":"<!-- This site is optimized with the Yoast SEO plugin v27.4 - https:\/\/yoast.com\/product\/yoast-seo-wordpress\/ -->\n<title>Pol\u00edtica de cookies - Cl\u00ednica Dental Mir<\/title>\n<meta name=\"description\" content=\"Descripci\u00f3 de la pol\u00edtica de cookies seguint la normativa vigent de privacitat per tal de decriure les funcionalitats d&#039;aquests arxius\" \/>\n<meta name=\"robots\" content=\"index, follow, max-snippet:-1, max-image-preview:large, max-video-preview:-1\" \/>\n<link rel=\"canonical\" href=\"https:\/\/clinicadentalmir.com\/es\/politica-de-cookies\" \/>\n<meta property=\"og:locale\" content=\"es_ES\" \/>\n<meta property=\"og:type\" content=\"article\" \/>\n<meta property=\"og:title\" content=\"Pol\u00edtica de cookies - Cl\u00ednica Dental Mir\" \/>\n<meta property=\"og:description\" content=\"Descripci\u00f3 de la pol\u00edtica de cookies seguint la normativa vigent de privacitat per tal de decriure les funcionalitats d&#039;aquests arxius\" \/>\n<meta property=\"og:url\" content=\"https:\/\/clinicadentalmir.com\/es\/politica-de-cookies\" \/>\n<meta property=\"og:site_name\" content=\"Cl\u00ednica Dental Mir\" \/>\n<meta property=\"article:modified_time\" content=\"2026-03-09T23:11:30+00:00\" \/>\n<meta property=\"og:image\" content=\"https:\/\/clinicadentalmir.com\/wp-content\/uploads\/2017\/11\/recepcio-entrada-1.jpg\" \/>\n\t<meta property=\"og:image:width\" content=\"2000\" \/>\n\t<meta property=\"og:image:height\" content=\"1500\" \/>\n\t<meta property=\"og:image:type\" content=\"image\/jpeg\" \/>\n<meta name=\"twitter:card\" content=\"summary_large_image\" \/>\n<meta name=\"twitter:label1\" content=\"Tiempo de lectura\" \/>\n\t<meta name=\"twitter:data1\" content=\"6 minutos\" \/>\n<script type=\"application\/ld+json\" class=\"yoast-schema-graph\">{\"@context\":\"https:\\\/\\\/schema.org\",\"@graph\":[{\"@type\":\"WebPage\",\"@id\":\"https:\\\/\\\/clinicadentalmir.com\\\/es\\\/politica-de-cookies\",\"url\":\"https:\\\/\\\/clinicadentalmir.com\\\/es\\\/politica-de-cookies\",\"name\":\"Pol\u00edtica de cookies - Cl\u00ednica Dental Mir\",\"isPartOf\":{\"@id\":\"https:\\\/\\\/clinicadentalmir.com\\\/es\\\/#website\"},\"datePublished\":\"2026-03-09T19:15:32+00:00\",\"dateModified\":\"2026-03-09T23:11:30+00:00\",\"description\":\"Descripci\u00f3 de la pol\u00edtica de cookies seguint la normativa vigent de privacitat per tal de decriure les funcionalitats d'aquests arxius\",\"breadcrumb\":{\"@id\":\"https:\\\/\\\/clinicadentalmir.com\\\/es\\\/politica-de-cookies#breadcrumb\"},\"inLanguage\":\"es\",\"potentialAction\":[{\"@type\":\"ReadAction\",\"target\":[\"https:\\\/\\\/clinicadentalmir.com\\\/es\\\/politica-de-cookies\"]}]},{\"@type\":\"BreadcrumbList\",\"@id\":\"https:\\\/\\\/clinicadentalmir.com\\\/es\\\/politica-de-cookies#breadcrumb\",\"itemListElement\":[{\"@type\":\"ListItem\",\"position\":1,\"name\":\"Inici\",\"item\":\"https:\\\/\\\/clinicadentalmir.com\\\/es\"},{\"@type\":\"ListItem\",\"position\":2,\"name\":\"Pol\u00edtica de cookies\"}]},{\"@type\":\"WebSite\",\"@id\":\"https:\\\/\\\/clinicadentalmir.com\\\/es\\\/#website\",\"url\":\"https:\\\/\\\/clinicadentalmir.com\\\/es\\\/\",\"name\":\"Cl\u00ednica Dental Mir\",\"description\":\"Centre Odont\u00f2logic Integral\",\"publisher\":{\"@id\":\"https:\\\/\\\/clinicadentalmir.com\\\/es\\\/#organization\"},\"alternateName\":\"Centre Odontol\u00f2gic integral a s'Arenal\",\"potentialAction\":[{\"@type\":\"SearchAction\",\"target\":{\"@type\":\"EntryPoint\",\"urlTemplate\":\"https:\\\/\\\/clinicadentalmir.com\\\/es\\\/?s={search_term_string}\"},\"query-input\":{\"@type\":\"PropertyValueSpecification\",\"valueRequired\":true,\"valueName\":\"search_term_string\"}}],\"inLanguage\":\"es\"},{\"@type\":\"Organization\",\"@id\":\"https:\\\/\\\/clinicadentalmir.com\\\/es\\\/#organization\",\"name\":\"Cl\u00ednica Dental Mir\",\"alternateName\":\"dentista general, cirug\u00eda, est\u00e8tica i ortod\u00f2ncia\",\"url\":\"https:\\\/\\\/clinicadentalmir.com\\\/es\\\/\",\"logo\":{\"@type\":\"ImageObject\",\"inLanguage\":\"es\",\"@id\":\"https:\\\/\\\/clinicadentalmir.com\\\/es\\\/#\\\/schema\\\/logo\\\/image\\\/\",\"url\":\"https:\\\/\\\/clinicadentalmir.com\\\/wp-content\\\/uploads\\\/2026\\\/03\\\/Logo-clinica-dental-mir-e1773266855310.jpg\",\"contentUrl\":\"https:\\\/\\\/clinicadentalmir.com\\\/wp-content\\\/uploads\\\/2026\\\/03\\\/Logo-clinica-dental-mir-e1773266855310.jpg\",\"width\":555,\"height\":513,\"caption\":\"Cl\u00ednica Dental Mir\"},\"image\":{\"@id\":\"https:\\\/\\\/clinicadentalmir.com\\\/es\\\/#\\\/schema\\\/logo\\\/image\\\/\"}}]}<\/script>\n<!-- \/ Yoast SEO plugin. -->","yoast_head_json":{"title":"Pol\u00edtica de cookies - Cl\u00ednica Dental Mir","description":"Descripci\u00f3 de la pol\u00edtica de cookies seguint la normativa vigent de privacitat per tal de decriure les funcionalitats d'aquests arxius","robots":{"index":"index","follow":"follow","max-snippet":"max-snippet:-1","max-image-preview":"max-image-preview:large","max-video-preview":"max-video-preview:-1"},"canonical":"https:\/\/clinicadentalmir.com\/es\/politica-de-cookies","og_locale":"es_ES","og_type":"article","og_title":"Pol\u00edtica de cookies - Cl\u00ednica Dental Mir","og_description":"Descripci\u00f3 de la pol\u00edtica de cookies seguint la normativa vigent de privacitat per tal de decriure les funcionalitats d'aquests arxius","og_url":"https:\/\/clinicadentalmir.com\/es\/politica-de-cookies","og_site_name":"Cl\u00ednica Dental Mir","article_modified_time":"2026-03-09T23:11:30+00:00","og_image":[{"width":2000,"height":1500,"url":"https:\/\/clinicadentalmir.com\/wp-content\/uploads\/2017\/11\/recepcio-entrada-1.jpg","type":"image\/jpeg"}],"twitter_card":"summary_large_image","twitter_misc":{"Tiempo de lectura":"6 minutos"},"schema":{"@context":"https:\/\/schema.org","@graph":[{"@type":"WebPage","@id":"https:\/\/clinicadentalmir.com\/es\/politica-de-cookies","url":"https:\/\/clinicadentalmir.com\/es\/politica-de-cookies","name":"Pol\u00edtica de cookies - Cl\u00ednica Dental Mir","isPartOf":{"@id":"https:\/\/clinicadentalmir.com\/es\/#website"},"datePublished":"2026-03-09T19:15:32+00:00","dateModified":"2026-03-09T23:11:30+00:00","description":"Descripci\u00f3 de la pol\u00edtica de cookies seguint la normativa vigent de privacitat per tal de decriure les funcionalitats d'aquests arxius","breadcrumb":{"@id":"https:\/\/clinicadentalmir.com\/es\/politica-de-cookies#breadcrumb"},"inLanguage":"es","potentialAction":[{"@type":"ReadAction","target":["https:\/\/clinicadentalmir.com\/es\/politica-de-cookies"]}]},{"@type":"BreadcrumbList","@id":"https:\/\/clinicadentalmir.com\/es\/politica-de-cookies#breadcrumb","itemListElement":[{"@type":"ListItem","position":1,"name":"Inici","item":"https:\/\/clinicadentalmir.com\/es"},{"@type":"ListItem","position":2,"name":"Pol\u00edtica de cookies"}]},{"@type":"WebSite","@id":"https:\/\/clinicadentalmir.com\/es\/#website","url":"https:\/\/clinicadentalmir.com\/es\/","name":"Cl\u00ednica Dental Mir","description":"Centre Odont\u00f2logic Integral","publisher":{"@id":"https:\/\/clinicadentalmir.com\/es\/#organization"},"alternateName":"Centre Odontol\u00f2gic integral a s'Arenal","potentialAction":[{"@type":"SearchAction","target":{"@type":"EntryPoint","urlTemplate":"https:\/\/clinicadentalmir.com\/es\/?s={search_term_string}"},"query-input":{"@type":"PropertyValueSpecification","valueRequired":true,"valueName":"search_term_string"}}],"inLanguage":"es"},{"@type":"Organization","@id":"https:\/\/clinicadentalmir.com\/es\/#organization","name":"Cl\u00ednica Dental Mir","alternateName":"dentista general, cirug\u00eda, est\u00e8tica i ortod\u00f2ncia","url":"https:\/\/clinicadentalmir.com\/es\/","logo":{"@type":"ImageObject","inLanguage":"es","@id":"https:\/\/clinicadentalmir.com\/es\/#\/schema\/logo\/image\/","url":"https:\/\/clinicadentalmir.com\/wp-content\/uploads\/2026\/03\/Logo-clinica-dental-mir-e1773266855310.jpg","contentUrl":"https:\/\/clinicadentalmir.com\/wp-content\/uploads\/2026\/03\/Logo-clinica-dental-mir-e1773266855310.jpg","width":555,"height":513,"caption":"Cl\u00ednica Dental Mir"},"image":{"@id":"https:\/\/clinicadentalmir.com\/es\/#\/schema\/logo\/image\/"}}]}},"_links":{"self":[{"href":"https:\/\/clinicadentalmir.com\/es\/wp-json\/wp\/v2\/pages\/808","targetHints":{"allow":["GET"]}}],"collection":[{"href":"https:\/\/clinicadentalmir.com\/es\/wp-json\/wp\/v2\/pages"}],"about":[{"href":"https:\/\/clinicadentalmir.com\/es\/wp-json\/wp\/v2\/types\/page"}],"author":[{"embeddable":true,"href":"https:\/\/clinicadentalmir.com\/es\/wp-json\/wp\/v2\/users\/3"}],"replies":[{"embeddable":true,"href":"https:\/\/clinicadentalmir.com\/es\/wp-json\/wp\/v2\/comments?post=808"}],"version-history":[{"count":1,"href":"https:\/\/clinicadentalmir.com\/es\/wp-json\/wp\/v2\/pages\/808\/revisions"}],"predecessor-version":[{"id":809,"href":"https:\/\/clinicadentalmir.com\/es\/wp-json\/wp\/v2\/pages\/808\/revisions\/809"}],"wp:attachment":[{"href":"https:\/\/clinicadentalmir.com\/es\/wp-json\/wp\/v2\/media?parent=808"}],"curies":[{"name":"wp","href":"https:\/\/api.w.org\/{rel}","templated":true}]}}